{"id":6274,"date":"2023-09-27T05:51:56","date_gmt":"2023-09-27T05:51:56","guid":{"rendered":"https:\/\/smartherm.eu\/wordpress\/?post_type=product&#038;p=6274"},"modified":"2024-08-29T05:43:53","modified_gmt":"2024-08-29T05:43:53","slug":"smart-133","status":"publish","type":"product","link":"https:\/\/smartherm.lt\/index.php\/toode\/smart-133\/","title":{"rendered":"SMART 133 Stiklo audinio tinkliukas panzer 14&#215;8 \/ 330g"},"content":{"rendered":"<p><a class=\"pdf-download-button\" href=\"https:\/\/smartherm.lt\/wp-content\/uploads\/2023\/09\/SMART-133-LT.pdf\"><img decoding=\"async\" style=\"width: 40px; height: 40px;\" src=\"https:\/\/smartherm.lt\/wp-content\/uploads\/2023\/09\/Untitled-design-3-2.png\" alt=\"LT\" \/> PDF Produkto lapas LT <\/a><a class=\"pdf-download-button\" href=\"https:\/\/smartherm.lt\/wp-content\/uploads\/2023\/09\/Declaration-of-Performance-EE1332024-LT.pdf\"><img decoding=\"async\" style=\"width: 40px; height: 40px;\" src=\"https:\/\/smartherm.eu\/wordpress\/wp-content\/uploads\/2023\/09\/Untitled-design-3-2.png\" alt=\"LT\" \/> PDF Eksploatacini\u0173 savybi\u0173 deklaracija <\/a><\/p>\n<table style=\"font-size: 16px; font-style: normal;\">\n<tbody>\n<tr>\n<td width=\"125\"><strong>Tinkliukas<\/strong><\/td>\n<td width=\"125\"><strong>Svoris (g\/m2)<\/strong><\/td>\n<td width=\"125\"><strong>Akut\u0117s dydis (mm)<\/strong><\/td>\n<td width=\"125\"><strong>Rulonas (m2)<\/strong><\/td>\n<td width=\"125\"><strong>Palet\u0117je (vnt)<\/strong><\/td>\n<\/tr>\n<tr>\n<td width=\"125\">SMART 133<\/td>\n<td width=\"125\">330<\/td>\n<td width=\"125\">14&#215;8<\/td>\n<td width=\"125\">25<\/td>\n<td width=\"125\">30<\/td>\n<\/tr>\n<\/tbody>\n<\/table>\n<p><strong>PRIVALUMAI<\/strong><strong>:<\/strong><\/p>\n<p>Padeda i\u0161vengti \u012ftr\u016bkim\u0173 ant sunkios apdailos<\/p>\n<p>Didelis atsparumas mechaniniams poveikiams<\/p>\n<p>Atsparus \u0161armams<\/p>\n<p>Elastingas ir atsparus ply\u0161imui<\/p>\n<p>Atitinka ETAG-004 reikalavimus ir leid\u017eiama naudoti bet kokioje fasado \u0161iltinimo sistemoje<\/p>\n<p><strong>MONTAVIMAS<\/strong><strong>:<\/strong><\/p>\n<p>Ant izoliacini\u0173 plok\u0161\u010di\u0173 armavimo mi\u0161in\u012f u\u017etepkite armavimo tinkliuko lak\u0161t\u0173 plo\u010dio\u00a0 taip, kad mi\u0161inio storis b\u016bt\u0173 apie 2\/3 galutinio storio. Sodiname armat\u016bros tinklel\u012f tiesiai \u012f mi\u0161in\u012f be rauk\u0161li\u0173. Paskirstykite mi\u0161in\u012f per tinkliuko akutes. D\u0117kite tinkliuk\u0105 su 10 cm persidengimu. Glaistykite\u00a0 tinklel\u012f taip, kad visi\u0161kai pasidengtu mi\u0161iniu. Bendras armavimo sluoksnio storis priklauso nuo naudojamo armavimo mi\u0161inio.<\/p>\n<p><strong>MED\u017dIAGA<\/strong><strong>:<\/strong><\/p>\n<p>Polimerinio stiklo pluo\u0161tai, padengti dispersija.<\/p>\n<p><img decoding=\"async\" class=\"alignnone size-medium wp-image-6379\" src=\"https:\/\/smartherm.lt\/wp-content\/uploads\/2023\/10\/etag-004-belgesi-300x80.jpg\" alt=\"\" width=\"300\" height=\"80\" srcset=\"https:\/\/smartherm.lt\/wp-content\/uploads\/2023\/10\/etag-004-belgesi-300x80.jpg 300w, https:\/\/smartherm.lt\/wp-content\/uploads\/2023\/10\/etag-004-belgesi-768x204.jpg 768w, https:\/\/smartherm.lt\/wp-content\/uploads\/2023\/10\/etag-004-belgesi-600x159.jpg 600w, https:\/\/smartherm.lt\/wp-content\/uploads\/2023\/10\/etag-004-belgesi.jpg 800w\" sizes=\"(max-width: 300px) 100vw, 300px\" \/><\/p>\n","protected":false},"excerpt":{"rendered":"<p><strong>NAUDA:<\/strong><\/p>\n<p>PANZER 330 stiklo pluo\u0161to armavimo\u00a0 tinkliukas\u00a0 naudojamas izoliacijos sutvirtinimui fasad\u0173 \u0161iltinimo sistemose (SILS, ETICS), kur reikalingas ypa\u010d didelis atsparumas mechaniniams pa\u017eeidimams. Polimerine dispersija padengtas\u00a0 armavimo tinklelis padeda i\u0161vengti \u012ftr\u016bkim\u0173 sutvirtintame apdailos pavir\u0161iuje.<\/p>\n","protected":false},"featured_media":6375,"template":"","meta":{"site-sidebar-layout":"default","site-content-layout":"","ast-site-content-layout":"default","site-content-style":"default","site-sidebar-style":"default","ast-global-header-display":"","ast-banner-title-visibility":"","ast-main-header-display":"","ast-hfb-above-header-display":"","ast-hfb-below-header-display":"","ast-hfb-mobile-header-display":"","site-post-title":"","ast-breadcrumbs-content":"","ast-featured-img":"","footer-sml-layout":"","theme-transparent-header-meta":"default","adv-header-id-meta":"","stick-header-meta":"","header-above-stick-meta":"","header-main-stick-meta":"","header-below-stick-meta":"","astra-migrate-meta-layouts":"set","ast-page-background-enabled":"default","ast-page-background-meta":{"desktop":{"background-color":"","background-image":"","background-repeat":"repeat","background-position":"center center","background-size":"auto","background-attachment":"scroll","background-type":"","background-media":"","overlay-type":"","overlay-color":"","overlay-opacity":"","overlay-gradient":""},"tablet":{"background-color":"","background-image":"","background-repeat":"repeat","background-position":"center center","background-size":"auto","background-attachment":"scroll","background-type":"","background-media":"","overlay-type":"","overlay-color":"","overlay-opacity":"","overlay-gradient":""},"mobile":{"background-color":"","background-image":"","background-repeat":"repeat","background-position":"center center","background-size":"auto","background-attachment":"scroll","background-type":"","background-media":"","overlay-type":"","overlay-color":"","overlay-opacity":"","overlay-gradient":""}},"ast-content-background-meta":{"desktop":{"background-color":"var(--ast-global-color-5)","background-image":"","background-repeat":"repeat","background-position":"center center","background-size":"auto","background-attachment":"scroll","background-type":"","background-media":"","overlay-type":"","overlay-color":"","overlay-opacity":"","overlay-gradient":""},"tablet":{"background-color":"var(--ast-global-color-5)","background-image":"","background-repeat":"repeat","background-position":"center center","background-size":"auto","background-attachment":"scroll","background-type":"","background-media":"","overlay-type":"","overlay-color":"","overlay-opacity":"","overlay-gradient":""},"mobile":{"background-color":"var(--ast-global-color-5)","background-image":"","background-repeat":"repeat","background-position":"center center","background-size":"auto","background-attachment":"scroll","background-type":"","background-media":"","overlay-type":"","overlay-color":"","overlay-opacity":"","overlay-gradient":""}}},"product_brand":[],"product_cat":[61],"product_tag":[],"class_list":{"0":"post-6274","1":"product","2":"type-product","3":"status-publish","4":"has-post-thumbnail","6":"product_cat-stiklo-audinio-armavimo-tinkleliai","7":"desktop-align-left","8":"tablet-align-left","9":"mobile-align-left","11":"first","12":"instock","13":"shipping-taxable","14":"product-type-simple"},"_links":{"self":[{"href":"https:\/\/smartherm.lt\/index.php\/wp-json\/wp\/v2\/product\/6274","targetHints":{"allow":["GET"]}}],"collection":[{"href":"https:\/\/smartherm.lt\/index.php\/wp-json\/wp\/v2\/product"}],"about":[{"href":"https:\/\/smartherm.lt\/index.php\/wp-json\/wp\/v2\/types\/product"}],"wp:featuredmedia":[{"embeddable":true,"href":"https:\/\/smartherm.lt\/index.php\/wp-json\/wp\/v2\/media\/6375"}],"wp:attachment":[{"href":"https:\/\/smartherm.lt\/index.php\/wp-json\/wp\/v2\/media?parent=6274"}],"wp:term":[{"taxonomy":"product_brand","embeddable":true,"href":"https:\/\/smartherm.lt\/index.php\/wp-json\/wp\/v2\/product_brand?post=6274"},{"taxonomy":"product_cat","embeddable":true,"href":"https:\/\/smartherm.lt\/index.php\/wp-json\/wp\/v2\/product_cat?post=6274"},{"taxonomy":"product_tag","embeddable":true,"href":"https:\/\/smartherm.lt\/index.php\/wp-json\/wp\/v2\/product_tag?post=6274"}],"curies":[{"name":"wp","href":"https:\/\/api.w.org\/{rel}","templated":true}]}}